{"id":13,"date":"2021-01-28T06:36:45","date_gmt":"2021-01-28T06:36:45","guid":{"rendered":"http:\/\/www.be-cm.com\/?page_id=13"},"modified":"2021-05-28T12:08:36","modified_gmt":"2021-05-28T12:08:36","slug":"about","status":"publish","type":"page","link":"http:\/\/www.be-cm.com\/fr\/about\/","title":{"rendered":"About"},"content":{"rendered":"<p><main id=\"about-wrap\"><\/p>\n<section class=\"container\">\n<div>\n<div class=\"row\">\n<div class=\"indented\">\n<h2 class=\"hChapter\">\n                            <span class=\"hChapter-numeral\">01<\/span>\u00c0 PROPOS DE LA SOCI\u00c9T\u00c9<br \/>\n                        <\/h2>\n<div class=\"rich-text\">\n<p>\n                                BECM a \u00e9t\u00e9 fond\u00e9e en septembre 2014 pour se sp\u00e9cialiser dans le conseil et la conception d&rsquo;ouvrages de construction en m\u00e9tallique et en b\u00e9ton. Avec son exp\u00e9rience bien acquis en la mati\u00e8re, BECM a acquis de nombreuses r\u00e9alisations typiques en attirant<br \/>\n                                de nombreux partenaires, tant domestiques qu\u2019\u00e9trangers.<\/p>\n<p> Les flux de travail sont ex\u00e9cut\u00e9s sur des ordinateurs et surveill\u00e9s via le syst\u00e8me de gestion de BECM. Notre \u00e9quipe utilise un logiciel d&rsquo;ing\u00e9nierie de pointe pour analyser des structures, calculer et d\u00e9velopper<br \/>\n                                un croquis d\u00e9taill\u00e9, fournir aux clients des produits et services rentables de meilleure qualit\u00e9 adaptant aux besoins de chaque client. La conception de BECM couvre l&rsquo;ensemble et explique chaque partie en d\u00e9tail afin que<br \/>\n                                les clients et les parties li\u00e9es puissent comprendre tous les d\u00e9tails du croquis..\n                            <\/p>\n<\/p><\/div>\n<\/p><\/div>\n<\/p><\/div>\n<\/p><\/div>\n<\/section>\n<section class=\"container-fluid pt-5\">\n<div class=\"valueProp mix_keyValue mix_keyValueCentered\">\n<div class=\"valueProp-title\">\n<div class=\"container\">BECM&rsquo;s corporate culture<\/div>\n<\/p><\/div>\n<div class=\"valueProp-img-wrapper\">\n                    <img decoding=\"async\" class=\"valueProp-img-top\" alt=\"Skyscraper\" src=\"http:\/\/www.be-cm.com\/wp-content\/uploads\/2021\/02\/cover.jpg\" \/>\n                <\/div>\n<div class=\"container\">\n<div class=\"valueProp-body\">\n<ol class=\"valueProp-statList\">\n<li class=\"valueProp-statList-item\">\n                                <span class=\"valueProp-statList-item-term\">Pour les employ\u00e9s:<\/span><br \/>\n                                <span class=\"valueProp-statList-item-definition\"><br \/>\n                                    \u201cTraitez tous les employ\u00e9s avec respect et \u00e9quit\u00e9. BECM offre \u00e0 tous membres de<br \/>\n                                    personnel la meilleure opportunit\u00e9 de d\u00e9velopper \u00e9galement, de construire et de<br \/>\n                                    maintenir un environnement de travail convivial, s\u00fbr et ouvert.\u201d<br \/>\n                                <\/span>\n                            <\/li>\n<\/ol><\/div>\n<\/p><\/div>\n<\/p><\/div>\n<\/section>\n<section class=\"container\">\n<div class=\"container mb-5\">\n<h2 class=\"container-headline mix_align-center\">\n                    \u00c0 propos de nous<br \/>\n                <\/h2>\n<div class=\"row\">\n<div class=\"col-lg-6\">\n<div class=\"card mix_service\">\n<div class=\"card-body\">\n<h5 class=\"card-title\">\n                                    Mission<br \/>\n                                <\/h5>\n<div class=\"card-text mb-3 rich-text\">\n                                    La soci\u00e9t\u00e9 BECM a \u00e9t\u00e9 cr\u00e9\u00e9e avec le d\u00e9sir de devenir une adresse fiable et r\u00e9put\u00e9e, qui fournisse aux clients des produits et des services rentables aux prix raisonnables, gr\u00e2ce \u00e0 la cr\u00e9ativit\u00e9 et \u00e0 l\u2019innovation sans cesse dans les croquis.\n                                <\/div>\n<\/p><\/div>\n<\/p><\/div>\n<\/p><\/div>\n<div class=\"col-lg-6\">\n<div class=\"card mix_service\">\n<div class=\"card-body\">\n<h5 class=\"card-title\">\n                                    Vision<br \/>\n                                <\/h5>\n<div class=\"card-text mb-3 rich-text\">\n                                    Bas\u00e9e sur l&rsquo;investissement strat\u00e9gique dans qualit\u00e9 et d\u00e9veloppement durable, BECM aspire \u00e0 devenir une soci\u00e9t\u00e9 prestigieuse sp\u00e9cialis\u00e9 dans la conception architecturale &#8211; construction de b\u00e2timents \u00e0 travers le monde.\n                                <\/div>\n<\/p><\/div>\n<\/p><\/div>\n<\/p><\/div>\n<\/p><\/div>\n<\/p><\/div>\n<\/section>\n<section class=\"container-fluid pt-5\">\n<div class=\"valueProp mix_keyValue mix_keyValueCentered\">\n<div class=\"valueProp-title\">\n<div class=\"container\">BECM&rsquo;s corporate culture<\/div>\n<\/p><\/div>\n<div class=\"valueProp-img-wrapper\">\n                    <img decoding=\"async\" class=\"valueProp-img-top\" alt=\"Skyscraper\" src=\"http:\/\/www.be-cm.com\/wp-content\/uploads\/2021\/02\/cover.jpg\" \/>\n                <\/div>\n<div class=\"container\">\n<div class=\"valueProp-body\">\n<ol class=\"valueProp-statList\">\n<li class=\"valueProp-statList-item\">\n                                <span class=\"valueProp-statList-item-term\"><br \/>\n                                    Pour les clients:<br \/>\n                                <\/span><br \/>\n                                <span class=\"valueProp-statList-item-definition\"><br \/>\n                                    \u201cBECM propose une large gamme de produits et de services en r\u00e9pondant aux<br \/>\n                                    normes de qualit\u00e9 les plus \u00e9lev\u00e9es\u201d<br \/>\n                                <\/span>\n                            <\/li>\n<\/ol><\/div>\n<\/p><\/div>\n<\/p><\/div>\n<\/section>\n<p>        <!-- Our People --><\/p>\n<section class=\"container\">\n<div>\n<div class=\"row\">\n<div class=\"indented\">\n<h2 class=\"hChapter\">\n                            <span class=\"hChapter-numeral\">02<\/span> NOS CLIENTS<br \/>\n                        <\/h2>\n<div class=\"rich-text\">\n                            BECM propose une large gamme de produits et de services en r\u00e9pondant aux normes de qualit\u00e9 les plus \u00e9lev\u00e9es\n                        <\/div>\n<\/p><\/div>\n<\/p><\/div>\n<\/p><\/div>\n<\/section>\n<p>    <\/main><\/p>\n","protected":false},"excerpt":{"rendered":"<p>01\u00c0 PROPOS DE LA SOCI\u00c9T\u00c9 BECM a \u00e9t\u00e9 fond\u00e9e en septembre 2014 pour se sp\u00e9cialiser dans le conseil et la conception d&rsquo;ouvrages de construction en m\u00e9tallique et en b\u00e9ton. Avec son exp\u00e9rience bien acquis en la mati\u00e8re, BECM a acquis de nombreuses r\u00e9alisations typiques en attirant de nombreux partenaires, tant domestiques qu\u2019\u00e9trangers. Les flux de [&hellip;]<\/p>\n","protected":false},"author":1,"featured_media":0,"parent":0,"menu_order":0,"comment_status":"closed","ping_status":"closed","template":"","meta":{"footnotes":""},"class_list":["post-13","page","type-page","status-publish","hentry"],"_links":{"self":[{"href":"http:\/\/www.be-cm.com\/fr\/wp-json\/wp\/v2\/pages\/13","targetHints":{"allow":["GET"]}}],"collection":[{"href":"http:\/\/www.be-cm.com\/fr\/wp-json\/wp\/v2\/pages"}],"about":[{"href":"http:\/\/www.be-cm.com\/fr\/wp-json\/wp\/v2\/types\/page"}],"author":[{"embeddable":true,"href":"http:\/\/www.be-cm.com\/fr\/wp-json\/wp\/v2\/users\/1"}],"replies":[{"embeddable":true,"href":"http:\/\/www.be-cm.com\/fr\/wp-json\/wp\/v2\/comments?post=13"}],"version-history":[{"count":17,"href":"http:\/\/www.be-cm.com\/fr\/wp-json\/wp\/v2\/pages\/13\/revisions"}],"predecessor-version":[{"id":183,"href":"http:\/\/www.be-cm.com\/fr\/wp-json\/wp\/v2\/pages\/13\/revisions\/183"}],"wp:attachment":[{"href":"http:\/\/www.be-cm.com\/fr\/wp-json\/wp\/v2\/media?parent=13"}],"curies":[{"name":"wp","href":"https:\/\/api.w.org\/{rel}","templated":true}]}}