{"id":76,"date":"2021-03-01T16:04:26","date_gmt":"2021-03-01T16:04:26","guid":{"rendered":"http:\/\/www.be-cm.com\/en\/?page_id=76"},"modified":"2021-05-05T11:56:04","modified_gmt":"2021-05-05T11:56:04","slug":"structural-engineering","status":"publish","type":"page","link":"http:\/\/www.be-cm.com\/fr\/structural-engineering\/","title":{"rendered":"Structural Engineering"},"content":{"rendered":"<p><main id=\"structral-wrap\"><\/p>\n<section class=\"container\">\n<div>\n<div class=\"row\">\n<div class=\"indented\">\n<h2 class=\"hChapter\">\n                            <span class=\"hChapter-numeral\">01<\/span> NOTRE COMP\u00c9TENCE<br \/>\n                        <\/h2>\n<div class=\"rich-text\">\n<p>\n                                Les sp\u00e9cialistes de l&rsquo;ing\u00e9nierie structurelle \u00e0 BECM s\u2019engagent dans la conception, l\u2019optimisation et la r\u00e9alisation des recherches rigoureuses sur la construction m\u00e9tallique de tous types de:<\/p>\n<ul>\n<li><strong>Structure m\u00e9tallique (auvent, plancher, charpente, \u2026)<\/strong><\/li>\n<li><strong>Serrurerie m\u00e9tallique (Garde-corps, Escaliers, Plateformes techniques,&#8230;)<\/strong><\/li>\n<li><strong>Projets de b\u00e2timents industriels (laboratoires, unit\u00e9s de stockage..)<\/strong><\/li>\n<\/ul>\n<p> Notre comp\u00e9tence est reconnue dans le domaine de g\u00e9nie civil, notamment \u00e0 propos de la construction m\u00e9tallique. BECM assiste et conseille les entreprises et les particuliers dans leur projet de construction:<\/p>\n<ul>\n<li><strong>d\u2019habitations<\/strong><\/li>\n<li><strong>de locaux de stockages<\/strong><\/li>\n<li><strong>de planchers\/charpentes \u00e0 base de structure m\u00e9tallique<\/strong><\/li>\n<\/ul>\n<p>                                BECM travaille sur tous types de projets, du plus simple au plus complexe et de toutes tailles.<br \/>\n                                <br \/>\n                                <em>De plus, notre soci\u00e9t\u00e9 au Vietnam prend en charge des projets partout dans le monde, particuli\u00e8rement en Asie du Sud-Est et en France.<\/em><\/p>\n<p>                                <strong>Comp\u00e9tences<\/strong><br \/>\n                                <\/p>\n<ul>\n<li><strong>Infrastructures routi\u00e8res<\/strong><\/li>\n<li><strong>B\u00e2timents architecturaux<\/strong><\/li>\n<li><strong>Fa\u00e7ades et Couvertures<\/strong><\/li>\n<li><strong>Plans de fabrications<\/strong><\/li>\n<\/ul>\n<\/p><\/div>\n<\/p><\/div>\n<\/p><\/div>\n<\/p><\/div>\n<\/section>\n<section class=\"container\">\n<section>\n                <img decoding=\"async\" class=\"cover-img-about\" src=\"\/wp-content\/uploads\/2021\/02\/cover.png\" alt=\"cover\" \/><br \/>\n            <\/section>\n<div>\n<div class=\"row\">\n<div class=\"indented\">\n<h2 class=\"hChapter\">\n                            <span class=\"hChapter-numeral\">02<\/span> RECHERCHES SUR LES CONSTRUCTIONS M\u00c9TALLIQUES<br \/>\n                        <\/h2>\n<div class=\"rich-text\">\n<p>\n                                Notre soci\u00e9t\u00e9 BECM r\u00e9alise soit dans le cadre de missions compl\u00e8tes de Ma\u00eetrise d\u2019Oeuvre, soit directement pour le compte d&rsquo;Entreprises, les \u00e9tudes en Constructions m\u00e9talliques de tous types de projets simples ou complexes.\n                            <\/p>\n<p>\n                                Avec plusieurs ans d\u2019exp\u00e9rience et une r\u00e9putation bien m\u00e9rit\u00e9e dans ce domaine rigoureux de la construction m\u00e9tallique, BECM est le partenaire fiable pour vous accompagner d\u00e8s la conception \u00e0 la mise-en-\u0153uvre de votre projet. BECM garantit la ma\u00eetrise des exigences techniques et financi\u00e8res dans tous les aspects du projet &#8211; de diagnostics aux enregistrements de construction selon les normes actuelles.<\/p>\n<p>                                <strong>S\u2019adapter \u00e0 vos moyens de production\/ Nous nous adaptons \u00e0 vos besoins sp\u00e9cifiques:<\/strong><br \/>\n                                <\/p>\n<ul>\n<li><strong>PRS ou Profil commercial<\/strong><\/li>\n<li><strong>Utilisation de table de d\u00e9coupe plasma<\/strong><\/li>\n<li><strong>Nomenclature \/ rep\u00e9rage des pi\u00e8ces<\/strong><\/li>\n<li><strong>Tenue du journal de bord:<\/strong><\/li>\n<li><strong>Compte rendu hebdomadaire ou quotidien de chaque projet en cours (totales heures de travail, t\u00e2ches accomplis,\u2026)<\/strong><\/li>\n<li><strong>Fiche navette pour vos visites sur chantier<\/strong><\/li>\n<li><strong>Connexion par t\u00e9l\u00e9phone, appel vid\u00e9o ou e-mail sans surco\u00fbt<\/strong><\/li>\n<li><strong>Acc\u00e8s aux donn\u00e9es et informations depuis n\u2019importe quel ordinateur ou appareil mobile<\/strong><\/li>\n<\/ul>\n<\/p><\/div>\n<\/p><\/div>\n<\/p><\/div>\n<\/p><\/div>\n<\/section>\n<section class=\"container\">\n<div>\n<div class=\"row\">\n<div class=\"indented\">\n<h2 class=\"hChapter\">\n                            <span class=\"hChapter-numeral\">03<\/span> SERVICES OFFERTS<br \/>\n                        <\/h2>\n<div class=\"rich-text\">\n<p>\n                                <strong>Nos services comprennent:<\/strong>\n                            <\/p>\n<p>\n                                <strong>Gr\u00e2ce \u00e0 nos connaissances approfondies de l\u2019acier, nous mettons \u00e0 votre disposition:<\/strong>\n                            <\/p>\n<p><\/p>\n<ul>\n<li>\n                                    <strong>EXPERTISE TECHNIQUE et CONSEIL<\/strong><\/p>\n<p>Conseiller les entrepreneurs et architectes dans la premi\u00e8re phase sur la faisabilit\u00e9 d&rsquo;un projet.<\/p>\n<\/li>\n<li>\n                                    <strong>CALCUL ET OPTIMISATION DES STRUCTURES D\u2019ACIER<\/strong><\/p>\n<p>\n                                        Dimensionner \u00e0 l&rsquo;avance des structures; \u00e9tablir des plans et des guides de consultation. Tenir des registres sur des calculs pendant la phase de mise-en-oeuvre afin d\u2019optimiser la conception de structures. Support : CM66 et Eurocode 3 ; BAEL 91 et Eurocode 2\n                                    <\/p>\n<\/li>\n<li>\n                                    <strong>PLANS D&rsquo;EX\u00c9CUTION ET DE FABRICATION<\/strong><\/p>\n<p>Plans d\u2019ensemble, d\u00e9tails d\u2019assemblage (plans d\u2019ex\u00e9cution) calculs d\u2019attaches, tra\u00e7ages, calepinage et mesures des produits de couverture-bardage Mod\u00e9lisation 3D et 2D<\/p>\n<\/li>\n<\/ul><\/div>\n<\/p><\/div>\n<\/p><\/div>\n<\/p><\/div>\n<\/section>\n<section class=\"container-fluid mt-5 mb-5\">\n<div class=\"hero main-footer\">\n<div class=\"container\">\n<div class=\"row\">\n<div class=\"col-lg-7 offset-lg-1 ft-left\">\n<h3 class=\"text-uppercase ft-find mt-0\">\n                                VOUS NE TROUVEZ PAS CE QUE VOUS CHERCHEZ?<br \/>\n                            <\/h3>\n<div class=\"rich-text ft-qt\">\n                                Contactez l&rsquo;un de nos professionnels.\n                            <\/div>\n<ul class=\"footerSocialNav\">\n<li>\n                                    <a href=\"https:\/\/www.facebook.com\/BECMConstruction\"><br \/>\n                                        <img decoding=\"async\" src=\"\/wp-content\/uploads\/2021\/04\/124010.png\" alt=\"fb icon\" \/><br \/>\n                                    <\/a>\n                                <\/li>\n<li>\n                                    <a href=\"https:\/\/www.linkedin.com\/company\/5256070\"><br \/>\n                                        <img decoding=\"async\" src=\"\/wp-content\/uploads\/2021\/04\/174857.png\" alt=\"linkedin icon\" \/><br \/>\n                                    <\/a>\n                                <\/li>\n<\/ul><\/div>\n<div class=\"col-lg-2 offset-lg-1\">\n                            <a href=\"\/fr\/contact-us\/\" class=\"btn btn-primary btn-contact\"> CONTACTEZ-NOUS<br \/>\n                            <\/a>\n                        <\/div>\n<\/p><\/div>\n<\/p><\/div>\n<\/p><\/div>\n<\/section>\n<p>    <\/main><\/p>\n","protected":false},"excerpt":{"rendered":"<p>01 NOTRE COMP\u00c9TENCE Les sp\u00e9cialistes de l&rsquo;ing\u00e9nierie structurelle \u00e0 BECM s\u2019engagent dans la conception, l\u2019optimisation et la r\u00e9alisation des recherches rigoureuses sur la construction m\u00e9tallique de tous types de: Structure m\u00e9tallique (auvent, plancher, charpente, \u2026) Serrurerie m\u00e9tallique (Garde-corps, Escaliers, Plateformes techniques,&#8230;) Projets de b\u00e2timents industriels (laboratoires, unit\u00e9s de stockage..) Notre comp\u00e9tence est reconnue dans le [&hellip;]<\/p>\n","protected":false},"author":1,"featured_media":0,"parent":0,"menu_order":0,"comment_status":"closed","ping_status":"closed","template":"","meta":{"footnotes":""},"class_list":["post-76","page","type-page","status-publish","hentry"],"_links":{"self":[{"href":"http:\/\/www.be-cm.com\/fr\/wp-json\/wp\/v2\/pages\/76","targetHints":{"allow":["GET"]}}],"collection":[{"href":"http:\/\/www.be-cm.com\/fr\/wp-json\/wp\/v2\/pages"}],"about":[{"href":"http:\/\/www.be-cm.com\/fr\/wp-json\/wp\/v2\/types\/page"}],"author":[{"embeddable":true,"href":"http:\/\/www.be-cm.com\/fr\/wp-json\/wp\/v2\/users\/1"}],"replies":[{"embeddable":true,"href":"http:\/\/www.be-cm.com\/fr\/wp-json\/wp\/v2\/comments?post=76"}],"version-history":[{"count":8,"href":"http:\/\/www.be-cm.com\/fr\/wp-json\/wp\/v2\/pages\/76\/revisions"}],"predecessor-version":[{"id":176,"href":"http:\/\/www.be-cm.com\/fr\/wp-json\/wp\/v2\/pages\/76\/revisions\/176"}],"wp:attachment":[{"href":"http:\/\/www.be-cm.com\/fr\/wp-json\/wp\/v2\/media?parent=76"}],"curies":[{"name":"wp","href":"https:\/\/api.w.org\/{rel}","templated":true}]}}