{"id":76,"date":"2021-03-01T16:04:26","date_gmt":"2021-03-01T16:04:26","guid":{"rendered":"http:\/\/www.be-cm.com\/en\/?page_id=76"},"modified":"2021-05-05T11:56:04","modified_gmt":"2021-05-05T11:56:04","slug":"structural-engineering","status":"publish","type":"page","link":"http:\/\/www.be-cm.com\/vi\/structural-engineering\/","title":{"rendered":"Structural Engineering"},"content":{"rendered":"<p><main id=\"structral-wrap\"><\/p>\n<section class=\"container\">\n<div>\n<div class=\"row\">\n<div class=\"indented\">\n<h2 class=\"hChapter\">\n                            <span class=\"hChapter-numeral\">01<\/span> V\u1ec1 kh\u1ea3 n\u0103ng chuy\u00ean m\u00f4n<br \/>\n                        <\/h2>\n<div class=\"rich-text\">\n<p>\n                                Chuy\u00ean gia v\u1ec1 k\u1ef9 s\u01b0 k\u1ebft c\u1ea5u, C\u00f4ng ty TNHH BECM ch\u1ecbu tr\u00e1ch nhi\u1ec7m thi\u1ebft k\u1ebf, t\u1ed1i \u01b0u h\u00f3a v\u00e0 hi\u1ec7n th\u1ef1c h\u00f3a c\u00e1c nghi\u00ean c\u1ee9u chi ti\u1ebft v\u1ec1 c\u00f4ng tr\u00ecnh th\u00e9p c\u1ee7a t\u1ea5t c\u1ea3 c\u00e1c lo\u1ea1i:<\/p>\n<ul>\n<li><strong>C\u1ea5u tr\u00fac th\u00e9p (m\u00e1i hi\u00ean, s\u00e0n, khung\u2026)<\/strong><\/li>\n<li><strong>Ph\u1ea7n ph\u1ee5 th\u00e9p ( lan can, c\u1ea7u thang, k\u1ef9 thu\u1eadt l\u1eafp gh\u00e9p..)<\/strong><\/li>\n<li><strong>D\u1ef1 \u00e1n c\u00f4ng nghi\u1ec7p (ph\u00f2ng lab, ph\u00f2ng l\u01b0u tr\u1eef,&#8230;)<\/strong><\/li>\n<\/ul>\n<p> BECM c\u00f3 chuy\u00ean m\u00f4n cao trong l\u0129nh v\u1ef1c X\u00e2y d\u1ef1ng, \u0111\u1eb7c bi\u1ec7t l\u00e0 x\u00e2y d\u1ef1ng c\u00f4ng tr\u00ecnh kim lo\u1ea1i\/ th\u00e9p. BECM h\u1ed7 tr\u1ee3 v\u00e0 t\u01b0 v\u1ea5n cho c\u00e1c doanh nghi\u1ec7p v\u00e0 c\u00e1 nh\u00e2n trong c\u00e1c d\u1ef1 \u00e1n x\u00e2y d\u1ef1ng v\u1ec1:<\/p>\n<ul>\n<li><strong>D\u00e2n d\u1ee5ng<\/strong><\/li>\n<li><strong>Kho b\u00e3i<\/strong><\/li>\n<li><strong>C\u00f4ng tr\u00ecnh c\u00f3 s\u00e0n\/khung kim lo\u1ea1i.<\/strong><\/li>\n<\/ul>\n<p>                                BECM nh\u1eadn m\u1ecdi d\u1ef1 \u00e1n t\u1eeb \u0111\u01a1n gi\u1ea3n \u0111\u1ebfn ph\u1ee9c t\u1ea1p v\u00e0 thu\u1ed9c m\u1ecdi quy m\u00f4 kh\u00e1c nhau.<br \/>\n                                <br \/>\n                                <em>C\u00f4ng ty ch\u00fang t\u00f4i t\u1ea1i Vi\u1ec7t Nam nh\u1eadn ph\u1ee5 tr\u00e1ch t\u1ea5t c\u1ea3 c\u00e1c d\u1ef1 \u00e1n trong v\u00e0 ngo\u00e0i n\u01b0\u1edbc, \u0111\u1eb7c bi\u1ec7t l\u00e0 \u1edf khu v\u1ef1c \u0110\u00f4ng Nam \u00c1 v\u00e0 \u1edf Ph\u00e1p.<\/em><\/p>\n<p>                                <strong>Chuy\u00ean m\u00f4n<\/strong><br \/>\n                                <\/p>\n<ul>\n<li><strong>X\u00e2y d\u1ef1ng c\u01a1 s\u1edf h\u1ea1 t\u1ea7ng<\/strong><\/li>\n<li><strong>Thi\u1ebft k\u1ebf ki\u1ebfn tr\u00fac<\/strong><\/li>\n<li><strong>M\u1eb7t b\u1eb1ng v\u00e0 m\u00e1i<\/strong><\/li>\n<li><strong>L\u00ean k\u1ebf ho\u1ea1ch tri\u1ec3n khai<\/strong><\/li>\n<\/ul>\n<\/p><\/div>\n<\/p><\/div>\n<\/p><\/div>\n<\/p><\/div>\n<\/section>\n<section class=\"container\">\n<section>\n                <!-- <img decoding=\"async\" class=\"cover-img-about\" src=\"\/wp-content\/uploads\/2021\/02\/cover.png\" alt=\"cover\" \/> --><br \/>\n            <\/section>\n<div>\n<div class=\"row\">\n<div class=\"indented\">\n<h2 class=\"hChapter\">\n                            <span class=\"hChapter-numeral\">02<\/span> Nghi\u00ean c\u1ee9u c\u00f4ng tr\u00ecnh th\u00e9p<br \/>\n                        <\/h2>\n<div class=\"rich-text\">\n<p>\n                                BECM ch\u00fang t\u00f4i ch\u1ecbu tr\u00e1ch nhi\u1ec7m  qu\u1ea3n l\u00fd, nghi\u00ean c\u1ee9u, th\u1ef1c hi\u1ec7n h\u00f3a m\u1ecdi d\u1ef1 \u00e1n c\u00f4ng tr\u00ecnh kim lo\u1ea1i\/ th\u00e9p t\u1eeb \u0111\u01a1n gi\u1ea3n \u0111\u1ebfn ph\u1ee9c t\u1ea1p.\n                            <\/p>\n<p>\n                                V\u1edbi nhi\u1ec1u n\u0103m kinh nghi\u1ec7m v\u00e0 uy t\u00edn cao trong l\u0129nh v\u1ef1c k\u1ef9 s\u01b0 k\u1ebft c\u1ea5u kim lo\u1ea1i, BECM l\u00e0 \u0111\u1ed1i t\u00e1c \u0111\u00e1ng tin c\u1eady h\u1ed7 tr\u1ee3 Qu\u00fd kh\u00e1ch h\u00e0ng t\u1eeb kh\u00e2u thi\u1ebft k\u1ebf \u0111\u1ebfn tri\u1ec3n khai d\u1ef1 \u00e1n. BECM \u0111\u1ea3m b\u1ea3o n\u1eafm v\u1eefng t\u1ea5t c\u1ea3 c\u00e1c y\u00eau c\u1ea7u k\u1ef9 thu\u1eadt v\u00e0 t\u00e0i ch\u00ednh v\u1ec1 m\u1ecdi ph\u01b0\u01a1ng di\u1ec7n c\u1ee7a d\u1ef1 \u00e1n, t\u1eeb ch\u1ea9n \u0111o\u00e1n \u0111\u1ebfn s\u1ea3n xu\u1ea5t t\u1ec7p s\u1ea3n xu\u1ea5t theo c\u00e1c ti\u00eau chu\u1ea9n hi\u1ec7n h\u00e0nh.<\/p>\n<p>                                <strong>Cung c\u1ea5p d\u1ecbch v\u1ee5 linh ho\u1ea1t theo y\u00eau c\u1ea7u c\u1ee7a Qu\u00fd kh\u00e1ch h\u00e0ng:<\/strong><br \/>\n                                <\/p>\n<ul>\n<li><strong>PRS hay H\u1ed3 s\u01a1 th\u01b0\u01a1ng m\u1ea1i<\/strong><\/li>\n<li><strong>S\u1eed d\u1ee5ng\/ Kh\u00f4ng s\u1eed d\u1ee5ng b\u1ea3n c\u1eaft plasma<\/strong><\/li>\n<li><strong>Danh m\u1ee5c\/ b\u1ea3n v\u1ebd b\u1ed1 c\u1ee5c<\/strong><\/li>\n<li><strong>B\u00e1o c\u00e1o ti\u1ebfn \u0111\u1ed9<\/strong><\/li>\n<li><strong>B\u00e1o c\u00e1o h\u00e0ng tu\u1ea7n ho\u1eb7c h\u00e0ng ng\u00e0y tr\u00ean m\u1ed7i d\u1ef1 \u00e1n \u0111ang tri\u1ec3n khai (s\u1ed1 gi\u1edd \u0111\u00e3 th\u1ef1c hi\u1ec7n, c\u00e1c nhi\u1ec7m v\u1ee5 \u0111\u00e3 tri\u1ec3n khai, &#8230;)<\/strong><\/li>\n<li><strong>Phi\u1ebfu \u0111\u0103ng k\u00fd th\u0103m c\u00f4ng tr\u00ecnh<\/strong><\/li>\n<li><strong>Trao \u0111\u1ed5i, ki\u1ec3m tra ti\u1ebfn \u0111\u1ed9 d\u01b0\u1edbi nhi\u1ec1u h\u00ecnh th\u1ee9c nh\u01b0 \u0111i\u1ec7n tho\u1ea1i, video hay email m\u00e0 kh\u00f4ng ph\u1ea3i tr\u1ea3 b\u1ea5t k\u1ef3 kho\u1ea3n ph\u00ed ph\u00e1t sinh n\u00e0o<\/strong><\/li>\n<li><strong>D\u1ec5 d\u00e0ng truy c\u1eadp th\u00f4ng tin t\u1eeb b\u1ea5t k\u1ef3 m\u00e1y t\u00ednh v\u00e0 \u0111i\u1ec7n tho\u1ea1i n\u00e0o<\/strong><\/li>\n<\/ul>\n<\/p><\/div>\n<\/p><\/div>\n<\/p><\/div>\n<\/p><\/div>\n<\/section>\n<section class=\"container\">\n<div>\n<div class=\"row\">\n<div class=\"indented\">\n<h2 class=\"hChapter\">\n                            <span class=\"hChapter-numeral\">03<\/span> C\u00e1c d\u1ecbch v\u1ee5 cung c\u1ea5p<br \/>\n                        <\/h2>\n<div class=\"rich-text\">\n<p>\n                                <strong>D\u1ecbch v\u1ee5 c\u1ee7a ch\u00fang t\u00f4i bao g\u1ed3m:<\/strong>\n                            <\/p>\n<p>\n                                <strong>V\u1edbi kinh nghi\u1ec7m v\u00e0 ki\u1ebfn th\u1ee9c nghi\u1ec7p v\u1ee5 cao, ch\u00fang t\u00f4i lu\u00f4n s\u1eb5n s\u00e0ng cung c\u1ea5p d\u1ecbch v\u1ee5 theo nhu c\u1ea7u c\u1ee7a Qu\u00fd \u0111\u1ed1i t\u00e1c:<\/strong>\n                            <\/p>\n<p><\/p>\n<ul>\n<li>\n                                    <strong>NH\u1eacN \u0110\u1ecaNH TH\u00d4NG S\u1ed0 K\u1ef8 THU\u1eacT V\u00c0 T\u01af V\u1ea4N<\/strong><\/p>\n<p>C\u1ed1 v\u1ea5n trong giai \u0111o\u1ea1n ti\u1ec1n d\u1ef1 \u00e1n, cho Ch\u1ee7 d\u1ef1 \u00e1n ho\u1eb7c Ki\u1ebfn tr\u00fac s\u01b0 v\u1ec1 t\u00ednh kh\u1ea3 thi c\u1ee7a d\u1ef1 \u00e1n<\/p>\n<\/li>\n<li>\n                                    <strong>T\u00cdNH TO\u00c1N V\u00c0 T\u1ed0I \u01afU H\u00d3A C\u00c1C C\u1ea4U TR\u00daC TH\u00c9P<\/strong><\/p>\n<p>\n                                        L\u00ean c\u1ea5u tr\u00fac k\u00edch th\u01b0\u1edbc m\u1eabu v\u00e0 thi\u1ebft l\u1eadp k\u1ebf ho\u1ea1ch, h\u01b0\u1edbng d\u1eabn thi h\u00e0nh Ghi ch\u00fa, t\u00ednh to\u00e1n \u1edf giai \u0111o\u1ea1n th\u1ef1c hi\u1ec7n \u0111\u1ec3 t\u1ed1i \u01b0u h\u00f3a thi\u1ebft k\u1ebf c\u1ee7a c\u00e1c c\u1ea5u tr\u00fac C\u00f3 s\u1eed d\u1ee5ng: CM66 v\u00e0 Eurocode 3; BAEL 91 v\u00e0 Eurocode 2\n                                    <\/p>\n<\/li>\n<li>\n                                    <strong>\u0110\u1ec0 XU\u1ea4T K\u1ebe HO\u1ea0CH TH\u1ef0C HI\u1ec6N V\u00c0 THI C\u00d4NG<\/strong><\/p>\n<p>K\u1ebf ho\u1ea1ch chung, chi ti\u1ebft v\u1ec1 l\u1eafp r\u00e1p (k\u1ebf ho\u1ea1ch th\u1ef1c hi\u1ec7n) t\u00ednh to\u00e1n m\u1ed1i bu\u1ed9c, b\u1ea3n v\u1ebd k\u0129 thu\u1eadt, b\u1ed1 tr\u00ed v\u00e0 \u0111o l\u01b0\u1eddng c\u00e1c s\u1ea3n ph\u1ea9m \u1ed1p Cung c\u1ea5p M\u00f4 h\u00ecnh 3D v\u00e0 2Dg<\/p>\n<\/li>\n<\/ul><\/div>\n<\/p><\/div>\n<\/p><\/div>\n<\/p><\/div>\n<\/section>\n<section class=\"container-fluid mt-5 mb-5\">\n<div class=\"hero main-footer\">\n<div class=\"container\">\n<div class=\"row\">\n<div class=\"col-lg-7 offset-lg-1 ft-left\">\n<h3 class=\"text-uppercase ft-find mt-0\">\n                                B\u1ea0N CH\u01afA TH\u1ea4Y NH\u1eeeNG G\u00cc M\u00ccNH \u0110ANG T\u00ccM KI\u1ebeM ?<br \/>\n                            <\/h3>\n<div class=\"rich-text ft-qt\">\n                                H\u00e3y li\u00ean h\u1ec7 tr\u1ef1c ti\u1ebfp v\u1edbi m\u1ed9t trong c\u00e1c chuy\u00ean vi\u00ean c\u1ee7a ch\u00fang t\u00f4i \u0111\u1ec3 \u0111\u01b0\u1ee3c h\u1ed7 tr\u1ee3.\n                            <\/div>\n<ul class=\"footerSocialNav\">\n<li>\n                                    <a href=\"https:\/\/www.facebook.com\/BECMConstruction\"><br \/>\n                                        <img decoding=\"async\" src=\"\/wp-content\/uploads\/2021\/04\/124010.png\" alt=\"fb icon\" \/><br \/>\n                                    <\/a>\n                                <\/li>\n<li>\n                                    <a href=\"https:\/\/www.linkedin.com\/company\/5256070\"><br \/>\n                                        <img decoding=\"async\" src=\"\/wp-content\/uploads\/2021\/04\/174857.png\" alt=\"linkedin icon\" \/><br \/>\n                                    <\/a>\n                                <\/li>\n<\/ul><\/div>\n<div class=\"col-lg-2 offset-lg-1\">\n                            <a href=\"\/fr\/contact-us\/\" class=\"btn btn-primary btn-contact\"> Li\u00ean h\u1ec7 ngay<br \/>\n                            <\/a>\n                        <\/div>\n<\/p><\/div>\n<\/p><\/div>\n<\/p><\/div>\n<\/section>\n<p>    <\/main><\/p>\n","protected":false},"excerpt":{"rendered":"<p>01 V\u1ec1 kh\u1ea3 n\u0103ng chuy\u00ean m\u00f4n Chuy\u00ean gia v\u1ec1 k\u1ef9 s\u01b0 k\u1ebft c\u1ea5u, C\u00f4ng ty TNHH BECM ch\u1ecbu tr\u00e1ch nhi\u1ec7m thi\u1ebft k\u1ebf, t\u1ed1i \u01b0u h\u00f3a v\u00e0 hi\u1ec7n th\u1ef1c h\u00f3a c\u00e1c nghi\u00ean c\u1ee9u chi ti\u1ebft v\u1ec1 c\u00f4ng tr\u00ecnh th\u00e9p c\u1ee7a t\u1ea5t c\u1ea3 c\u00e1c lo\u1ea1i: C\u1ea5u tr\u00fac th\u00e9p (m\u00e1i hi\u00ean, s\u00e0n, khung\u2026) Ph\u1ea7n ph\u1ee5 th\u00e9p ( lan [&hellip;]<\/p>\n","protected":false},"author":1,"featured_media":0,"parent":0,"menu_order":0,"comment_status":"closed","ping_status":"closed","template":"","meta":{"footnotes":""},"class_list":["post-76","page","type-page","status-publish","hentry"],"_links":{"self":[{"href":"http:\/\/www.be-cm.com\/vi\/wp-json\/wp\/v2\/pages\/76","targetHints":{"allow":["GET"]}}],"collection":[{"href":"http:\/\/www.be-cm.com\/vi\/wp-json\/wp\/v2\/pages"}],"about":[{"href":"http:\/\/www.be-cm.com\/vi\/wp-json\/wp\/v2\/types\/page"}],"author":[{"embeddable":true,"href":"http:\/\/www.be-cm.com\/vi\/wp-json\/wp\/v2\/users\/1"}],"replies":[{"embeddable":true,"href":"http:\/\/www.be-cm.com\/vi\/wp-json\/wp\/v2\/comments?post=76"}],"version-history":[{"count":8,"href":"http:\/\/www.be-cm.com\/vi\/wp-json\/wp\/v2\/pages\/76\/revisions"}],"predecessor-version":[{"id":176,"href":"http:\/\/www.be-cm.com\/vi\/wp-json\/wp\/v2\/pages\/76\/revisions\/176"}],"wp:attachment":[{"href":"http:\/\/www.be-cm.com\/vi\/wp-json\/wp\/v2\/media?parent=76"}],"curies":[{"name":"wp","href":"https:\/\/api.w.org\/{rel}","templated":true}]}}